{"id":57,"date":"2023-02-22T16:28:41","date_gmt":"2023-02-22T16:28:41","guid":{"rendered":"https:\/\/solot.cz\/?page_id=57"},"modified":"2024-08-08T09:45:15","modified_gmt":"2024-08-08T07:45:15","slug":"pro-libertate-solot","status":"publish","type":"page","link":"https:\/\/solot.cz\/","title":{"rendered":""},"content":{"rendered":"\n<hr class=\"wp-block-separator aligncenter has-text-color has-alpha-channel-opacity has-background is-style-wide\" style=\"background-color:#4687af;color:#4687af\"\/>\n\n\n\n<div style=\"height:40px\" aria-hidden=\"true\" class=\"wp-block-spacer\"><\/div>\n\n\n\n<figure class=\"wp-block-gallery has-nested-images columns-default is-cropped wp-block-gallery-1 is-layout-flex wp-block-gallery-is-layout-flex\">\n<figure class=\"wp-block-image size-full is-style-default animated zoomIn\"><img decoding=\"async\" data-id=\"247\" src=\"https:\/\/solot.cz\/wp-content\/uploads\/2023\/03\/banner1.png\" alt=\"\" class=\"wp-image-247\"\/><\/figure>\n<\/figure>\n\n\n\n<div style=\"height:50px\" aria-hidden=\"true\" class=\"wp-block-spacer\"><\/div>\n\n\n\n<hr class=\"wp-block-separator has-text-color has-alpha-channel-opacity has-background is-style-wide\" style=\"background-color:#4687af;color:#4687af\"\/>\n\n\n\n<h2 class=\"wp-block-heading has-text-align-center\">Aktu\u00e1ln\u00ed informace<\/h2>\n\n\n<ul class=\"wp-block-latest-posts__list has-dates has-author wp-block-latest-posts\"><li><a class=\"wp-block-latest-posts__post-title\" href=\"https:\/\/solot.cz\/index.php\/2026\/01\/04\/kolektivni-vyjednavani-na-rok-2026\/\">Kolektivn\u00ed vyjedn\u00e1v\u00e1n\u00ed na rok 2026<\/a><div class=\"wp-block-latest-posts__post-author\">Autor: SOLOT<\/div><time datetime=\"2026-01-04T16:06:05+01:00\" class=\"wp-block-latest-posts__post-date\">4 ledna, 2026<\/time><div class=\"wp-block-latest-posts__post-excerpt\">Dne 19.12.2025 do\u0161lo k\u00a0podpisu Kolektivn\u00ed smlouvy na rok 2026. Spole\u010dn\u011b se zam\u011bstnavatelem a OSZSP jsme se shodli na n\u011bkolika zm\u011bn\u00e1ch. Individu\u00e1ln\u00ed volno. Zam\u011bstnanec m\u016f\u017ee po vy\u010derp\u00e1n\u00ed 50 % sv\u00e9 \u0159\u00e1dn\u00e9 dovolen\u00e9 \u010derpat individu\u00e1ln\u00ed volno ve v\u00fd\u0161i jedn\u00e9 sm\u011bny. Individu\u00e1ln\u00ed volno se zapo\u010d\u00edt\u00e1v\u00e1 do fondu odpracovan\u00fdch hodin, plat se zam\u011bstnanci nekr\u00e1t\u00ed. Odm\u011bny p\u0159i odchodu do d\u016fchodu.&hellip;&nbsp;<a href=\"https:\/\/solot.cz\/index.php\/2026\/01\/04\/kolektivni-vyjednavani-na-rok-2026\/\" rel=\"bookmark\">\u010c\u00edst d\u00e1le &raquo;<span class=\"screen-reader-text\">Kolektivn\u00ed vyjedn\u00e1v\u00e1n\u00ed na rok 2026<\/span><\/a><\/div><\/li>\n<li><a class=\"wp-block-latest-posts__post-title\" href=\"https:\/\/solot.cz\/index.php\/2026\/01\/04\/kolektivni-smlouva-2026\/\">Kolektivn\u00ed smlouva 2026<\/a><div class=\"wp-block-latest-posts__post-author\">Autor: SOLOT<\/div><time datetime=\"2026-01-04T15:50:20+01:00\" class=\"wp-block-latest-posts__post-date\">4 ledna, 2026<\/time><div class=\"wp-block-latest-posts__post-excerpt\"><\/div><\/li>\n<li><a class=\"wp-block-latest-posts__post-title\" href=\"https:\/\/solot.cz\/index.php\/2025\/10\/20\/schuzka-se-zamestnavatelem-26-9-2025\/\">Sch\u016fzka se zam\u011bstnavatelem 26.9.2025<\/a><div class=\"wp-block-latest-posts__post-author\">Autor: SOLOT<\/div><time datetime=\"2025-10-20T20:02:06+02:00\" class=\"wp-block-latest-posts__post-date\">20 \u0159\u00edjna, 2025<\/time><div class=\"wp-block-latest-posts__post-excerpt\">Na t\u00e9to sch\u016fzce n\u00e1s zam\u011bstnavatel informoval o pl\u00e1novan\u00e9m uzav\u0159en\u00ed DO Kr\u00e1lovstv\u00ed z&nbsp;rozhodnut\u00ed Krajsk\u00e9ho \u00fa\u0159adu Kr\u00e1lovehradeck\u00e9ho kraje, odboru zdravotnictv\u00ed. K&nbsp;uzav\u0159en\u00ed dojde 30.11.2025. A.<\/div><\/li>\n<li><a class=\"wp-block-latest-posts__post-title\" href=\"https:\/\/solot.cz\/index.php\/2025\/10\/20\/zahajeni-kolektivniho-vyjednavani\/\">Zah\u00e1jen\u00ed kolektivn\u00edho vyjedn\u00e1v\u00e1n\u00ed<\/a><div class=\"wp-block-latest-posts__post-author\">Autor: SOLOT<\/div><time datetime=\"2025-10-20T19:52:11+02:00\" class=\"wp-block-latest-posts__post-date\">20 \u0159\u00edjna, 2025<\/time><div class=\"wp-block-latest-posts__post-excerpt\">Dne 26.9.2025 jsme zah\u00e1jili vyjedn\u00e1v\u00e1n\u00ed kolektivn\u00ed smlouvy na rok 2026. Spole\u010dn\u011b se ZO OSZSP jsme p\u0159edlo\u017eili t\u0159i n\u00e1vrhy: V&nbsp;leto\u0161n\u00edm roce dal kraj zam\u011bstnanc\u016fm ve zdravotnick\u00e9m holdingu 3 dny individu\u00e1ln\u00edho volna. Z&nbsp;t\u011bchto d\u016fvod\u016f bychom pro v\u0161echny zam\u011bstnance SOL Trutnov cht\u011bli vyjednat 3-5 dn\u00ed individu\u00e1ln\u00edho placen\u00e9ho volna. 2. P\u0159\u00edplatek za pr\u00e1ci p\u0159es\u010das u zam\u011bstnanc\u016f v\u00a0nep\u0159etr\u017eit\u00e9m provozu. Po\u017e\u00e1dali&hellip;&nbsp;<a href=\"https:\/\/solot.cz\/index.php\/2025\/10\/20\/zahajeni-kolektivniho-vyjednavani\/\" rel=\"bookmark\">\u010c\u00edst d\u00e1le &raquo;<span class=\"screen-reader-text\">Zah\u00e1jen\u00ed kolektivn\u00edho vyjedn\u00e1v\u00e1n\u00ed<\/span><\/a><\/div><\/li>\n<li><a class=\"wp-block-latest-posts__post-title\" href=\"https:\/\/solot.cz\/index.php\/2025\/06\/01\/jednani-se-zamestnavatelem-27-5-2025\/\">Jedn\u00e1n\u00ed se zam\u011bstnavatelem 27.5.2025<\/a><div class=\"wp-block-latest-posts__post-author\">Autor: SOLOT<\/div><time datetime=\"2025-06-01T21:03:21+02:00\" class=\"wp-block-latest-posts__post-date\">1 \u010dervna, 2025<\/time><div class=\"wp-block-latest-posts__post-excerpt\">Na programu jedn\u00e1n\u00ed byly \u00fapravy kolektivn\u00ed smlouvy a pracovn\u00edho \u0159\u00e1du v&nbsp;souladu s&nbsp;legislativn\u00edmi zm\u011bnami. Spole\u010dn\u011b jsme podepsali zm\u011bnov\u00fd list \u010d. 1 k pracovn\u00edmu \u0159\u00e1du a dodatek \u010d. 1 ke kolektivn\u00ed smlouv\u011b na rok 2025. Legislativn\u00ed zm\u011bny.&nbsp; Od 1.6.2025 ve\u0161la v&nbsp;platnost flexinovela z\u00e1kon\u00edku pr\u00e1ce, kter\u00e1 upravuje n\u011bkter\u00e9 \u00a7 ZP v&nbsp;jejich\u017e souladu byly provedeny zm\u011bny KS a pracovn\u00edho&hellip;&nbsp;<a href=\"https:\/\/solot.cz\/index.php\/2025\/06\/01\/jednani-se-zamestnavatelem-27-5-2025\/\" rel=\"bookmark\">\u010c\u00edst d\u00e1le &raquo;<span class=\"screen-reader-text\">Jedn\u00e1n\u00ed se zam\u011bstnavatelem 27.5.2025<\/span><\/a><\/div><\/li>\n<\/ul>\n\n\n<div style=\"height:50px\" aria-hidden=\"true\" class=\"wp-block-spacer\"><\/div>\n\n\n\n<hr class=\"wp-block-separator has-alpha-channel-opacity\"\/>\n\n\n\n<div id=\"wp-block-themeisle-blocks-slider-4b76769e\" class=\"wp-block-themeisle-blocks-slider glide\" data-per-view=\"1\" data-gap=\"0\" data-peek=\"0\" data-autoplay=\"10000\" data-height=\"400px\" data-hide-arrows=\"false\"><div class=\"glide__track\" data-glide-el=\"track\"><div class=\"glide__slides\"><div class=\"wp-block-themeisle-blocks-slider-item-wrapper glide__slide\" tabindex=\"0\"><figure><img decoding=\"async\" class=\"wp-block-themeisle-blocks-slider-item\" src=\"https:\/\/solot.cz\/wp-content\/uploads\/2023\/02\/Robin_Williams.png\" alt=\"\" title=\"\" data-id=\"109\"\/><\/figure><\/div><div class=\"wp-block-themeisle-blocks-slider-item-wrapper glide__slide\" tabindex=\"0\"><figure><img decoding=\"async\" class=\"wp-block-themeisle-blocks-slider-item\" src=\"https:\/\/solot.cz\/wp-content\/uploads\/2023\/02\/zmen_mysl.png\" alt=\"\" title=\"\" data-id=\"111\"\/><\/figure><\/div><div class=\"wp-block-themeisle-blocks-slider-item-wrapper glide__slide\" tabindex=\"0\"><figure><img decoding=\"async\" class=\"wp-block-themeisle-blocks-slider-item\" src=\"https:\/\/solot.cz\/wp-content\/uploads\/2023\/02\/romain_rolland.png\" alt=\"\" title=\"\" data-id=\"114\"\/><\/figure><\/div><div class=\"wp-block-themeisle-blocks-slider-item-wrapper glide__slide\" tabindex=\"0\"><figure><img decoding=\"async\" class=\"wp-block-themeisle-blocks-slider-item\" src=\"https:\/\/solot.cz\/wp-content\/uploads\/2023\/02\/konfucius-2.png\" alt=\"\" title=\"\" data-id=\"122\"\/><\/figure><\/div><\/div><div class=\"glide__bullets\" data-glide-el=\"controls[nav]\"><button class=\"glide__bullet\" data-glide-dir=\"=0\"><\/button><button class=\"glide__bullet\" data-glide-dir=\"=1\"><\/button><button class=\"glide__bullet\" data-glide-dir=\"=2\"><\/button><button class=\"glide__bullet\" data-glide-dir=\"=3\"><\/button><\/div><\/div><\/div>\n\n\n\n<div style=\"height:50px\" aria-hidden=\"true\" class=\"wp-block-spacer\"><\/div>\n","protected":false},"excerpt":{"rendered":"<p>Aktu\u00e1ln\u00ed informace<\/p>\n","protected":false},"author":1,"featured_media":0,"parent":0,"menu_order":0,"comment_status":"closed","ping_status":"closed","template":"","meta":{"neve_meta_sidebar":"default","neve_meta_container":"default","neve_meta_enable_content_width":"","neve_meta_content_width":0,"neve_meta_title_alignment":"","neve_meta_author_avatar":"","neve_post_elements_order":"","neve_meta_disable_header":"off","neve_meta_disable_footer":"","neve_meta_disable_title":"","_themeisle_gutenberg_block_has_review":false,"footnotes":""},"class_list":["post-57","page","type-page","status-publish","hentry"],"_links":{"self":[{"href":"https:\/\/solot.cz\/index.php\/wp-json\/wp\/v2\/pages\/57","targetHints":{"allow":["GET"]}}],"collection":[{"href":"https:\/\/solot.cz\/index.php\/wp-json\/wp\/v2\/pages"}],"about":[{"href":"https:\/\/solot.cz\/index.php\/wp-json\/wp\/v2\/types\/page"}],"author":[{"embeddable":true,"href":"https:\/\/solot.cz\/index.php\/wp-json\/wp\/v2\/users\/1"}],"replies":[{"embeddable":true,"href":"https:\/\/solot.cz\/index.php\/wp-json\/wp\/v2\/comments?post=57"}],"version-history":[{"count":84,"href":"https:\/\/solot.cz\/index.php\/wp-json\/wp\/v2\/pages\/57\/revisions"}],"predecessor-version":[{"id":389,"href":"https:\/\/solot.cz\/index.php\/wp-json\/wp\/v2\/pages\/57\/revisions\/389"}],"wp:attachment":[{"href":"https:\/\/solot.cz\/index.php\/wp-json\/wp\/v2\/media?parent=57"}],"curies":[{"name":"wp","href":"https:\/\/api.w.org\/{rel}","templated":true}]}}